{"id":186,"date":"2022-09-16T12:01:02","date_gmt":"2022-09-16T10:01:02","guid":{"rendered":"https:\/\/lapensiondetitoune.com\/?page_id=186"},"modified":"2023-03-20T12:44:07","modified_gmt":"2023-03-20T11:44:07","slug":"a-propos","status":"publish","type":"page","link":"https:\/\/lapensiondetitoune.com\/index.php\/a-propos\/","title":{"rendered":"A propos"},"content":{"rendered":"\n<p>La pension de Titoune se situe au lieu dit les l\u00e9rets \u00e0 Chavroches, \u00e0 13 km de Lapalisse, 30 km de Moulins et 30 km de Vichy , dans l&rsquo;allier en Auvergne. <\/p>\n\n\n\n<p><\/p>\n\n\n\n<p class=\"has-large-font-size\"><strong>Qui suis-je? <\/strong><\/p>\n\n\n\n<p>Je m&rsquo;appelle Camille. Je suis une passionn\u00e9e d&rsquo;animaux depuis ma plus tendre enfance, j&rsquo;ai toujours v\u00e9cu avec des animaux. Apr\u00e8s une longue carri\u00e8re en tant qu&rsquo;ambulanci\u00e8re, je choisis de prendre un nouveau chemin de vie et de vivre pleinement de ma passion, et ainsi pouvoir vous proposer ce qu&rsquo;il y a de mieux pour vos animaux de compagnie. <\/p>\n\n\n\n<p>D\u00e9tentrice de l&rsquo;ACACED, du TAV et en cours de formation \u00e0 la communication animale et la naturopathie. <\/p>\n\n\n\n<p>J&rsquo;ai actuellement 3 chiens (st\u00e9rilis\u00e9s), 2 chattes (st\u00e9rilis\u00e9es), 1 jument et des poules (en poulailler bien s\u00fbr) <\/p>\n\n\n\n<figure class=\"wp-block-gallery has-nested-images columns-default is-cropped wp-block-gallery-1 is-layout-flex wp-block-gallery-is-layout-flex\">\n<figure class=\"wp-block-image size-large is-style-rounded\"><img loading=\"lazy\" decoding=\"async\" width=\"960\" height=\"540\" data-id=\"171\" src=\"https:\/\/lapensiondetitoune.com\/wp-content\/uploads\/2022\/09\/26991617_2002590576666122_6035155036111743399_n.jpg\" alt=\"\" class=\"wp-image-171\" srcset=\"https:\/\/lapensiondetitoune.com\/wp-content\/uploads\/2022\/09\/26991617_2002590576666122_6035155036111743399_n.jpg 960w, https:\/\/lapensiondetitoune.com\/wp-content\/uploads\/2022\/09\/26991617_2002590576666122_6035155036111743399_n-300x169.jpg 300w, https:\/\/lapensiondetitoune.com\/wp-content\/uploads\/2022\/09\/26991617_2002590576666122_6035155036111743399_n-768x432.jpg 768w\" sizes=\"auto, (max-width: 960px) 100vw, 960px\" \/><\/figure>\n\n\n\n<figure class=\"wp-block-image size-large is-style-rounded\"><img loading=\"lazy\" decoding=\"async\" width=\"2048\" height=\"1536\" data-id=\"172\" src=\"https:\/\/lapensiondetitoune.com\/wp-content\/uploads\/2022\/09\/306651729_10229316762892235_5603107174089441602_n-1.jpg\" alt=\"\" class=\"wp-image-172\" srcset=\"https:\/\/lapensiondetitoune.com\/wp-content\/uploads\/2022\/09\/306651729_10229316762892235_5603107174089441602_n-1.jpg 2048w, https:\/\/lapensiondetitoune.com\/wp-content\/uploads\/2022\/09\/306651729_10229316762892235_5603107174089441602_n-1-300x225.jpg 300w, https:\/\/lapensiondetitoune.com\/wp-content\/uploads\/2022\/09\/306651729_10229316762892235_5603107174089441602_n-1-1024x768.jpg 1024w, https:\/\/lapensiondetitoune.com\/wp-content\/uploads\/2022\/09\/306651729_10229316762892235_5603107174089441602_n-1-768x576.jpg 768w, https:\/\/lapensiondetitoune.com\/wp-content\/uploads\/2022\/09\/306651729_10229316762892235_5603107174089441602_n-1-1536x1152.jpg 1536w\" sizes=\"auto, (max-width: 2048px) 100vw, 2048px\" \/><\/figure>\n<\/figure>\n\n\n\n<figure class=\"wp-block-gallery has-nested-images columns-default is-cropped wp-block-gallery-2 is-layout-flex wp-block-gallery-is-layout-flex\">\n<figure class=\"wp-block-image size-full is-style-rounded\"><img loading=\"lazy\" decoding=\"async\" width=\"720\" height=\"960\" data-id=\"226\" src=\"https:\/\/lapensiondetitoune.com\/wp-content\/uploads\/2023\/01\/316275764_134495112729563_9185072532113244782_n.jpg\" alt=\"\" class=\"wp-image-226\" srcset=\"https:\/\/lapensiondetitoune.com\/wp-content\/uploads\/2023\/01\/316275764_134495112729563_9185072532113244782_n.jpg 720w, https:\/\/lapensiondetitoune.com\/wp-content\/uploads\/2023\/01\/316275764_134495112729563_9185072532113244782_n-225x300.jpg 225w\" sizes=\"auto, (max-width: 720px) 100vw, 720px\" \/><\/figure>\n\n\n\n<figure class=\"wp-block-image size-large is-style-rounded\"><img loading=\"lazy\" decoding=\"async\" width=\"526\" height=\"526\" data-id=\"173\" src=\"https:\/\/lapensiondetitoune.com\/wp-content\/uploads\/2022\/09\/275540690_10228305963302877_406285240646948216_n-1.jpg\" alt=\"\" class=\"wp-image-173\" srcset=\"https:\/\/lapensiondetitoune.com\/wp-content\/uploads\/2022\/09\/275540690_10228305963302877_406285240646948216_n-1.jpg 526w, https:\/\/lapensiondetitoune.com\/wp-content\/uploads\/2022\/09\/275540690_10228305963302877_406285240646948216_n-1-300x300.jpg 300w, https:\/\/lapensiondetitoune.com\/wp-content\/uploads\/2022\/09\/275540690_10228305963302877_406285240646948216_n-1-150x150.jpg 150w\" sizes=\"auto, (max-width: 526px) 100vw, 526px\" \/><\/figure>\n\n\n\n<figure class=\"wp-block-image size-large is-style-rounded\"><img loading=\"lazy\" decoding=\"async\" width=\"1536\" height=\"2048\" data-id=\"175\" src=\"https:\/\/lapensiondetitoune.com\/wp-content\/uploads\/2022\/09\/302430194_10229257809698442_5586841550536174802_n-1.jpg\" alt=\"\" class=\"wp-image-175\" srcset=\"https:\/\/lapensiondetitoune.com\/wp-content\/uploads\/2022\/09\/302430194_10229257809698442_5586841550536174802_n-1.jpg 1536w, https:\/\/lapensiondetitoune.com\/wp-content\/uploads\/2022\/09\/302430194_10229257809698442_5586841550536174802_n-1-225x300.jpg 225w, https:\/\/lapensiondetitoune.com\/wp-content\/uploads\/2022\/09\/302430194_10229257809698442_5586841550536174802_n-1-768x1024.jpg 768w, https:\/\/lapensiondetitoune.com\/wp-content\/uploads\/2022\/09\/302430194_10229257809698442_5586841550536174802_n-1-1152x1536.jpg 1152w\" sizes=\"auto, (max-width: 1536px) 100vw, 1536px\" \/><\/figure>\n<\/figure>\n\n\n\n<p>Le m\u00e9diateur de la consommation aupr\u00e8s du Syndicat National\u00a0des Professions du Chien et du chat, Organisation Professionnelle Repr\u00e9sentative<\/p>\n\n\n\n<p><strong>CM2C.NET &#8211; CM2C &#8211; 14 rue Saint Jean 75017 Paris<\/strong><br><strong>www.mediateurprofessionchienchat.fr<\/strong><\/p>\n","protected":false},"excerpt":{"rendered":"<p>La pension de Titoune se situe au lieu dit les l\u00e9rets \u00e0 Chavroches, \u00e0 13 km de Lapalisse, 30 km de Moulins et 30 km de Vichy , dans l&rsquo;allier en Auvergne. Qui suis-je? Je m&rsquo;appelle Camille. Je suis une passionn\u00e9e d&rsquo;animaux depuis ma plus tendre enfance, j&rsquo;ai toujours v\u00e9cu avec des animaux. Apr\u00e8s une [&hellip;]<\/p>\n","protected":false},"author":1,"featured_media":0,"parent":0,"menu_order":0,"comment_status":"closed","ping_status":"closed","template":"","meta":{"footnotes":""},"class_list":["post-186","page","type-page","status-publish","hentry"],"yoast_head":"<!-- This site is optimized with the Yoast SEO plugin v27.5 - https:\/\/yoast.com\/product\/yoast-seo-wordpress\/ -->\n<title>A propos - la pension de titoune<\/title>\n<meta name=\"description\" content=\"pension canine pension feline pension animaliere vivhy lapalisse moulins allier\" \/>\n<meta name=\"robots\" content=\"index, follow, max-snippet:-1, max-image-preview:large, max-video-preview:-1\" \/>\n<link rel=\"canonical\" href=\"https:\/\/lapensiondetitoune.com\/index.php\/a-propos\/\" \/>\n<meta property=\"og:locale\" content=\"fr_FR\" \/>\n<meta property=\"og:type\" content=\"article\" \/>\n<meta property=\"og:title\" content=\"A propos - la pension de titoune\" \/>\n<meta property=\"og:description\" content=\"pension canine pension feline pension animaliere vivhy lapalisse moulins allier\" \/>\n<meta property=\"og:url\" content=\"https:\/\/lapensiondetitoune.com\/index.php\/a-propos\/\" \/>\n<meta property=\"og:site_name\" content=\"la pension de titoune\" \/>\n<meta property=\"article:publisher\" content=\"https:\/\/www.facebook.com\/profile.php?id=100085072230904\" \/>\n<meta property=\"article:modified_time\" content=\"2023-03-20T11:44:07+00:00\" \/>\n<meta property=\"og:image\" content=\"https:\/\/lapensiondetitoune.com\/wp-content\/uploads\/2022\/09\/26991617_2002590576666122_6035155036111743399_n.jpg\" \/>\n<meta name=\"twitter:card\" content=\"summary_large_image\" \/>\n<meta name=\"twitter:label1\" content=\"Dur\u00e9e de lecture estim\u00e9e\" \/>\n\t<meta name=\"twitter:data1\" content=\"2 minutes\" \/>\n<script type=\"application\/ld+json\" class=\"yoast-schema-graph\">{\"@context\":\"https:\\\/\\\/schema.org\",\"@graph\":[{\"@type\":\"WebPage\",\"@id\":\"https:\\\/\\\/lapensiondetitoune.com\\\/index.php\\\/a-propos\\\/\",\"url\":\"https:\\\/\\\/lapensiondetitoune.com\\\/index.php\\\/a-propos\\\/\",\"name\":\"A propos - la pension de titoune\",\"isPartOf\":{\"@id\":\"https:\\\/\\\/lapensiondetitoune.com\\\/#website\"},\"primaryImageOfPage\":{\"@id\":\"https:\\\/\\\/lapensiondetitoune.com\\\/index.php\\\/a-propos\\\/#primaryimage\"},\"image\":{\"@id\":\"https:\\\/\\\/lapensiondetitoune.com\\\/index.php\\\/a-propos\\\/#primaryimage\"},\"thumbnailUrl\":\"https:\\\/\\\/lapensiondetitoune.com\\\/wp-content\\\/uploads\\\/2022\\\/09\\\/26991617_2002590576666122_6035155036111743399_n.jpg\",\"datePublished\":\"2022-09-16T10:01:02+00:00\",\"dateModified\":\"2023-03-20T11:44:07+00:00\",\"description\":\"pension canine pension feline pension animaliere vivhy lapalisse moulins allier\",\"breadcrumb\":{\"@id\":\"https:\\\/\\\/lapensiondetitoune.com\\\/index.php\\\/a-propos\\\/#breadcrumb\"},\"inLanguage\":\"fr-FR\",\"potentialAction\":[{\"@type\":\"ReadAction\",\"target\":[\"https:\\\/\\\/lapensiondetitoune.com\\\/index.php\\\/a-propos\\\/\"]}]},{\"@type\":\"ImageObject\",\"inLanguage\":\"fr-FR\",\"@id\":\"https:\\\/\\\/lapensiondetitoune.com\\\/index.php\\\/a-propos\\\/#primaryimage\",\"url\":\"https:\\\/\\\/lapensiondetitoune.com\\\/wp-content\\\/uploads\\\/2022\\\/09\\\/26991617_2002590576666122_6035155036111743399_n.jpg\",\"contentUrl\":\"https:\\\/\\\/lapensiondetitoune.com\\\/wp-content\\\/uploads\\\/2022\\\/09\\\/26991617_2002590576666122_6035155036111743399_n.jpg\",\"width\":960,\"height\":540},{\"@type\":\"BreadcrumbList\",\"@id\":\"https:\\\/\\\/lapensiondetitoune.com\\\/index.php\\\/a-propos\\\/#breadcrumb\",\"itemListElement\":[{\"@type\":\"ListItem\",\"position\":1,\"name\":\"Accueil\",\"item\":\"https:\\\/\\\/lapensiondetitoune.com\\\/\"},{\"@type\":\"ListItem\",\"position\":2,\"name\":\"A propos\"}]},{\"@type\":\"WebSite\",\"@id\":\"https:\\\/\\\/lapensiondetitoune.com\\\/#website\",\"url\":\"https:\\\/\\\/lapensiondetitoune.com\\\/\",\"name\":\"lapensiondetitoune.com\",\"description\":\"pension animali\u00e8re\",\"alternateName\":\"pension titoune\",\"potentialAction\":[{\"@type\":\"SearchAction\",\"target\":{\"@type\":\"EntryPoint\",\"urlTemplate\":\"https:\\\/\\\/lapensiondetitoune.com\\\/?s={search_term_string}\"},\"query-input\":{\"@type\":\"PropertyValueSpecification\",\"valueRequired\":true,\"valueName\":\"search_term_string\"}}],\"inLanguage\":\"fr-FR\"}]}<\/script>\n<!-- \/ Yoast SEO plugin. -->","yoast_head_json":{"title":"A propos - la pension de titoune","description":"pension canine pension feline pension animaliere vivhy lapalisse moulins allier","robots":{"index":"index","follow":"follow","max-snippet":"max-snippet:-1","max-image-preview":"max-image-preview:large","max-video-preview":"max-video-preview:-1"},"canonical":"https:\/\/lapensiondetitoune.com\/index.php\/a-propos\/","og_locale":"fr_FR","og_type":"article","og_title":"A propos - la pension de titoune","og_description":"pension canine pension feline pension animaliere vivhy lapalisse moulins allier","og_url":"https:\/\/lapensiondetitoune.com\/index.php\/a-propos\/","og_site_name":"la pension de titoune","article_publisher":"https:\/\/www.facebook.com\/profile.php?id=100085072230904","article_modified_time":"2023-03-20T11:44:07+00:00","og_image":[{"url":"https:\/\/lapensiondetitoune.com\/wp-content\/uploads\/2022\/09\/26991617_2002590576666122_6035155036111743399_n.jpg","type":"","width":"","height":""}],"twitter_card":"summary_large_image","twitter_misc":{"Dur\u00e9e de lecture estim\u00e9e":"2 minutes"},"schema":{"@context":"https:\/\/schema.org","@graph":[{"@type":"WebPage","@id":"https:\/\/lapensiondetitoune.com\/index.php\/a-propos\/","url":"https:\/\/lapensiondetitoune.com\/index.php\/a-propos\/","name":"A propos - la pension de titoune","isPartOf":{"@id":"https:\/\/lapensiondetitoune.com\/#website"},"primaryImageOfPage":{"@id":"https:\/\/lapensiondetitoune.com\/index.php\/a-propos\/#primaryimage"},"image":{"@id":"https:\/\/lapensiondetitoune.com\/index.php\/a-propos\/#primaryimage"},"thumbnailUrl":"https:\/\/lapensiondetitoune.com\/wp-content\/uploads\/2022\/09\/26991617_2002590576666122_6035155036111743399_n.jpg","datePublished":"2022-09-16T10:01:02+00:00","dateModified":"2023-03-20T11:44:07+00:00","description":"pension canine pension feline pension animaliere vivhy lapalisse moulins allier","breadcrumb":{"@id":"https:\/\/lapensiondetitoune.com\/index.php\/a-propos\/#breadcrumb"},"inLanguage":"fr-FR","potentialAction":[{"@type":"ReadAction","target":["https:\/\/lapensiondetitoune.com\/index.php\/a-propos\/"]}]},{"@type":"ImageObject","inLanguage":"fr-FR","@id":"https:\/\/lapensiondetitoune.com\/index.php\/a-propos\/#primaryimage","url":"https:\/\/lapensiondetitoune.com\/wp-content\/uploads\/2022\/09\/26991617_2002590576666122_6035155036111743399_n.jpg","contentUrl":"https:\/\/lapensiondetitoune.com\/wp-content\/uploads\/2022\/09\/26991617_2002590576666122_6035155036111743399_n.jpg","width":960,"height":540},{"@type":"BreadcrumbList","@id":"https:\/\/lapensiondetitoune.com\/index.php\/a-propos\/#breadcrumb","itemListElement":[{"@type":"ListItem","position":1,"name":"Accueil","item":"https:\/\/lapensiondetitoune.com\/"},{"@type":"ListItem","position":2,"name":"A propos"}]},{"@type":"WebSite","@id":"https:\/\/lapensiondetitoune.com\/#website","url":"https:\/\/lapensiondetitoune.com\/","name":"lapensiondetitoune.com","description":"pension animali\u00e8re","alternateName":"pension titoune","potentialAction":[{"@type":"SearchAction","target":{"@type":"EntryPoint","urlTemplate":"https:\/\/lapensiondetitoune.com\/?s={search_term_string}"},"query-input":{"@type":"PropertyValueSpecification","valueRequired":true,"valueName":"search_term_string"}}],"inLanguage":"fr-FR"}]}},"jetpack_sharing_enabled":true,"_links":{"self":[{"href":"https:\/\/lapensiondetitoune.com\/index.php\/wp-json\/wp\/v2\/pages\/186","targetHints":{"allow":["GET"]}}],"collection":[{"href":"https:\/\/lapensiondetitoune.com\/index.php\/wp-json\/wp\/v2\/pages"}],"about":[{"href":"https:\/\/lapensiondetitoune.com\/index.php\/wp-json\/wp\/v2\/types\/page"}],"author":[{"embeddable":true,"href":"https:\/\/lapensiondetitoune.com\/index.php\/wp-json\/wp\/v2\/users\/1"}],"replies":[{"embeddable":true,"href":"https:\/\/lapensiondetitoune.com\/index.php\/wp-json\/wp\/v2\/comments?post=186"}],"version-history":[{"count":4,"href":"https:\/\/lapensiondetitoune.com\/index.php\/wp-json\/wp\/v2\/pages\/186\/revisions"}],"predecessor-version":[{"id":253,"href":"https:\/\/lapensiondetitoune.com\/index.php\/wp-json\/wp\/v2\/pages\/186\/revisions\/253"}],"wp:attachment":[{"href":"https:\/\/lapensiondetitoune.com\/index.php\/wp-json\/wp\/v2\/media?parent=186"}],"curies":[{"name":"wp","href":"https:\/\/api.w.org\/{rel}","templated":true}]}}