{"id":181,"date":"2022-09-16T10:04:48","date_gmt":"2022-09-16T08:04:48","guid":{"rendered":"https:\/\/lapensiondetitoune.com\/?page_id=181"},"modified":"2025-06-16T13:10:19","modified_gmt":"2025-06-16T11:10:19","slug":"accueil","status":"publish","type":"page","link":"https:\/\/lapensiondetitoune.com\/","title":{"rendered":"Accueil"},"content":{"rendered":"\n<p class=\"has-text-align-center has-x-large-font-size\" style=\"letter-spacing:px\"><strong><em>La pension de Titoune <\/em><\/strong><\/p>\n\n\n\n<p>Petite pension animali\u00e8re (chiens, chats, NAC) familiale situ\u00e9e a chavroches (03), proche Lapalisse, vichy et Moulins , n&rsquo;est pas seulement une garderie mais surtout une colonie de vacances pour vos animaux. <\/p>\n\n\n\n<p>Accueil \u00e0 la journ\u00e9e (canicr\u00e8che), \u00e0 la semaine, au mois &#8230;<\/p>\n\n\n\n<p>Vous cherchez une pension sympa pour faire garder votre animal lors de vos vacances, une hospitalisation, une urgence, un d\u00e9placement \u2026 j\u2019accueille votre animal dans un contexte de pension familiale.<\/p>\n\n\n\n<p>Je privil\u00e9gie \u201cune colonie de vacances en groupe\u201d, apr\u00e8s une bonne pr\u00e9sentation de tous les animaux pr\u00e9sents. <\/p>\n\n\n\n<ul class=\"wp-block-list\">\n<li>jeux et d\u00e9tente pour tous les animaux (balade, parc de d\u00e9tente, bientot petit parcours d&rsquo;agility &#8230;)<\/li>\n\n\n\n<li>partage des nouvelles de votre loulou quotidiennement par facebook et \/ ou sms <\/li>\n\n\n\n<li>possibilit\u00e9 de prise en charge de votre animal et retour \u00e0 votre domicile <\/li>\n\n\n\n<li>apprentissage en sorties ext\u00e9rieurs (ville, for\u00eat &#8230;)<\/li>\n\n\n\n<li>balade \u00e9ducative en groupe pour la sociabilisation entre chiens <\/li>\n<\/ul>\n\n\n\n<p>Etant pr\u00e9occup\u00e9e du bien-\u00eatre animal, les animaux sont tr\u00e8s bien trait\u00e9s et respect\u00e9s et la pension est entretenue tous les jours.<\/p>\n\n\n\n<p>Tarifs : <\/p>\n\n\n\n<p>chien = 20\u20ac \/ jour \u00e0 compter du 01\/01\/2025<\/p>\n\n\n\n<p>chat = 15\u20ac \/ jour \u00e0 compter du 01\/01\/2025<\/p>\n\n\n\n<p>NAC = 10\u20ac \/ jour \u00e0 compter du 01\/01\/2025<\/p>\n\n\n\n<p>Je vous propose aussi mes services de taxi animalier pour le transport de vos animaux de compagnie (aller et \/ ou retour \u00e0 la pension, rdv chez le v\u00e9t\u00e9rinaire ou en clinique \u2026) avec des cages de transport adapt\u00e9s \u00e0 votre animal pour des normes d\u2019hygi\u00e8ne et de s\u00e9curit\u00e9 (tarif \u00e0 convenir selon distance).<\/p>\n\n\n\n<p>Service de visites et promenades, restauration \u00e0 votre domicile lors de vos absences (tarif \u00e0 convenir selon distance).<\/p>\n\n\n\n<p>N\u00b0 siret : 91951644300018   \/  APE 9609Z<\/p>\n\n\n\n<p>D\u00e9tention de l\u2019ACACED et du CAPTAV, et form\u00e9e en naturopathie animali\u00e8re et intervenante en m\u00e9diation animale.<\/p>\n\n\n\n<p>label france petsitter : Label n\u00b001202303-B2885634<\/p>\n\n\n\n<figure class=\"wp-block-gallery has-nested-images columns-default is-cropped wp-block-gallery-1 is-layout-flex wp-block-gallery-is-layout-flex\"><div class=\"wp-block-image is-style-rounded\">\n<figure class=\"alignright size-medium\"><img loading=\"lazy\" decoding=\"async\" width=\"300\" height=\"300\" data-id=\"497\" src=\"https:\/\/lapensiondetitoune.com\/wp-content\/uploads\/2025\/06\/label_france_petsitters25-1-300x300.png\" alt=\"\" class=\"wp-image-497\" srcset=\"https:\/\/lapensiondetitoune.com\/wp-content\/uploads\/2025\/06\/label_france_petsitters25-1-300x300.png 300w, https:\/\/lapensiondetitoune.com\/wp-content\/uploads\/2025\/06\/label_france_petsitters25-1-150x150.png 150w, https:\/\/lapensiondetitoune.com\/wp-content\/uploads\/2025\/06\/label_france_petsitters25-1.png 600w\" sizes=\"auto, (max-width: 300px) 100vw, 300px\" \/><\/figure>\n<\/div><\/figure>\n\n\n\n<figure class=\"wp-block-image size-large is-resized\"><img loading=\"lazy\" decoding=\"async\" width=\"819\" height=\"1024\" src=\"https:\/\/lapensiondetitoune.com\/wp-content\/uploads\/2025\/06\/FP-Charte-Ethique-4-5e-Lapins-819x1024.png\" alt=\"\" class=\"wp-image-500\" style=\"width:223px;height:auto\" srcset=\"https:\/\/lapensiondetitoune.com\/wp-content\/uploads\/2025\/06\/FP-Charte-Ethique-4-5e-Lapins-819x1024.png 819w, https:\/\/lapensiondetitoune.com\/wp-content\/uploads\/2025\/06\/FP-Charte-Ethique-4-5e-Lapins-240x300.png 240w, https:\/\/lapensiondetitoune.com\/wp-content\/uploads\/2025\/06\/FP-Charte-Ethique-4-5e-Lapins-768x960.png 768w, https:\/\/lapensiondetitoune.com\/wp-content\/uploads\/2025\/06\/FP-Charte-Ethique-4-5e-Lapins.png 1080w\" sizes=\"auto, (max-width: 819px) 100vw, 819px\" \/><\/figure>\n\n\n\n<p><\/p>\n","protected":false},"excerpt":{"rendered":"<p>La pension de Titoune Petite pension animali\u00e8re (chiens, chats, NAC) familiale situ\u00e9e a chavroches (03), proche Lapalisse, vichy et Moulins , n&rsquo;est pas seulement une garderie mais surtout une colonie de vacances pour vos animaux. Accueil \u00e0 la journ\u00e9e (canicr\u00e8che), \u00e0 la semaine, au mois &#8230; Vous cherchez une pension sympa pour faire garder votre [&hellip;]<\/p>\n","protected":false},"author":1,"featured_media":0,"parent":0,"menu_order":0,"comment_status":"closed","ping_status":"closed","template":"","meta":{"footnotes":""},"class_list":["post-181","page","type-page","status-publish","hentry"],"yoast_head":"<!-- This site is optimized with the Yoast SEO plugin v27.4 - https:\/\/yoast.com\/product\/yoast-seo-wordpress\/ -->\n<title>Accueil - la pension de titoune pension animali\u00e8re canine et f\u00e9line %<\/title>\n<meta name=\"description\" content=\"pension canine pension feline pension animaliere vivhy lapalisse moulins allier 03 garde animaux titoune chavroches mediation animale zootherapie mediat&#039;titoune\" \/>\n<meta name=\"robots\" content=\"index, follow, max-snippet:-1, max-image-preview:large, max-video-preview:-1\" \/>\n<link rel=\"canonical\" href=\"https:\/\/lapensiondetitoune.com\/\" \/>\n<meta property=\"og:locale\" content=\"fr_FR\" \/>\n<meta property=\"og:type\" content=\"article\" \/>\n<meta property=\"og:title\" content=\"Accueil - la pension de titoune pension animali\u00e8re canine et f\u00e9line %\" \/>\n<meta property=\"og:description\" content=\"pension canine pension feline pension animaliere vivhy lapalisse moulins allier 03 garde animaux titoune chavroches mediation animale zootherapie mediat&#039;titoune\" \/>\n<meta property=\"og:url\" content=\"https:\/\/lapensiondetitoune.com\/\" \/>\n<meta property=\"og:site_name\" content=\"la pension de titoune\" \/>\n<meta property=\"article:publisher\" content=\"https:\/\/www.facebook.com\/profile.php?id=100085072230904\" \/>\n<meta property=\"article:modified_time\" content=\"2025-06-16T11:10:19+00:00\" \/>\n<meta property=\"og:image\" content=\"https:\/\/lapensiondetitoune.com\/wp-content\/uploads\/2025\/06\/label_france_petsitters25-1.png\" \/>\n\t<meta property=\"og:image:width\" content=\"600\" \/>\n\t<meta property=\"og:image:height\" content=\"600\" \/>\n\t<meta property=\"og:image:type\" content=\"image\/png\" \/>\n<meta name=\"twitter:card\" content=\"summary_large_image\" \/>\n<meta name=\"twitter:label1\" content=\"Dur\u00e9e de lecture estim\u00e9e\" \/>\n\t<meta name=\"twitter:data1\" content=\"2 minutes\" \/>\n<script type=\"application\/ld+json\" class=\"yoast-schema-graph\">{\"@context\":\"https:\\\/\\\/schema.org\",\"@graph\":[{\"@type\":\"WebPage\",\"@id\":\"https:\\\/\\\/lapensiondetitoune.com\\\/\",\"url\":\"https:\\\/\\\/lapensiondetitoune.com\\\/\",\"name\":\"Accueil - la pension de titoune pension animali\u00e8re canine et f\u00e9line %\",\"isPartOf\":{\"@id\":\"https:\\\/\\\/lapensiondetitoune.com\\\/#website\"},\"primaryImageOfPage\":{\"@id\":\"https:\\\/\\\/lapensiondetitoune.com\\\/#primaryimage\"},\"image\":{\"@id\":\"https:\\\/\\\/lapensiondetitoune.com\\\/#primaryimage\"},\"thumbnailUrl\":\"https:\\\/\\\/lapensiondetitoune.com\\\/wp-content\\\/uploads\\\/2025\\\/06\\\/label_france_petsitters25-1-300x300.png\",\"datePublished\":\"2022-09-16T08:04:48+00:00\",\"dateModified\":\"2025-06-16T11:10:19+00:00\",\"description\":\"pension canine pension feline pension animaliere vivhy lapalisse moulins allier 03 garde animaux titoune chavroches mediation animale zootherapie mediat'titoune\",\"breadcrumb\":{\"@id\":\"https:\\\/\\\/lapensiondetitoune.com\\\/#breadcrumb\"},\"inLanguage\":\"fr-FR\",\"potentialAction\":[{\"@type\":\"ReadAction\",\"target\":[\"https:\\\/\\\/lapensiondetitoune.com\\\/\"]}]},{\"@type\":\"ImageObject\",\"inLanguage\":\"fr-FR\",\"@id\":\"https:\\\/\\\/lapensiondetitoune.com\\\/#primaryimage\",\"url\":\"https:\\\/\\\/lapensiondetitoune.com\\\/wp-content\\\/uploads\\\/2025\\\/06\\\/label_france_petsitters25-1.png\",\"contentUrl\":\"https:\\\/\\\/lapensiondetitoune.com\\\/wp-content\\\/uploads\\\/2025\\\/06\\\/label_france_petsitters25-1.png\",\"width\":600,\"height\":600},{\"@type\":\"BreadcrumbList\",\"@id\":\"https:\\\/\\\/lapensiondetitoune.com\\\/#breadcrumb\",\"itemListElement\":[{\"@type\":\"ListItem\",\"position\":1,\"name\":\"Accueil\",\"item\":\"https:\\\/\\\/lapensiondetitoune.com\\\/\"},{\"@type\":\"ListItem\",\"position\":2,\"name\":\"Accueil\"}]},{\"@type\":\"WebSite\",\"@id\":\"https:\\\/\\\/lapensiondetitoune.com\\\/#website\",\"url\":\"https:\\\/\\\/lapensiondetitoune.com\\\/\",\"name\":\"lapensiondetitoune.com\",\"description\":\"pension animali\u00e8re\",\"alternateName\":\"pension titoune\",\"potentialAction\":[{\"@type\":\"SearchAction\",\"target\":{\"@type\":\"EntryPoint\",\"urlTemplate\":\"https:\\\/\\\/lapensiondetitoune.com\\\/?s={search_term_string}\"},\"query-input\":{\"@type\":\"PropertyValueSpecification\",\"valueRequired\":true,\"valueName\":\"search_term_string\"}}],\"inLanguage\":\"fr-FR\"}]}<\/script>\n<!-- \/ Yoast SEO plugin. -->","yoast_head_json":{"title":"Accueil - la pension de titoune pension animali\u00e8re canine et f\u00e9line %","description":"pension canine pension feline pension animaliere vivhy lapalisse moulins allier 03 garde animaux titoune chavroches mediation animale zootherapie mediat'titoune","robots":{"index":"index","follow":"follow","max-snippet":"max-snippet:-1","max-image-preview":"max-image-preview:large","max-video-preview":"max-video-preview:-1"},"canonical":"https:\/\/lapensiondetitoune.com\/","og_locale":"fr_FR","og_type":"article","og_title":"Accueil - la pension de titoune pension animali\u00e8re canine et f\u00e9line %","og_description":"pension canine pension feline pension animaliere vivhy lapalisse moulins allier 03 garde animaux titoune chavroches mediation animale zootherapie mediat'titoune","og_url":"https:\/\/lapensiondetitoune.com\/","og_site_name":"la pension de titoune","article_publisher":"https:\/\/www.facebook.com\/profile.php?id=100085072230904","article_modified_time":"2025-06-16T11:10:19+00:00","og_image":[{"width":600,"height":600,"url":"https:\/\/lapensiondetitoune.com\/wp-content\/uploads\/2025\/06\/label_france_petsitters25-1.png","type":"image\/png"}],"twitter_card":"summary_large_image","twitter_misc":{"Dur\u00e9e de lecture estim\u00e9e":"2 minutes"},"schema":{"@context":"https:\/\/schema.org","@graph":[{"@type":"WebPage","@id":"https:\/\/lapensiondetitoune.com\/","url":"https:\/\/lapensiondetitoune.com\/","name":"Accueil - la pension de titoune pension animali\u00e8re canine et f\u00e9line %","isPartOf":{"@id":"https:\/\/lapensiondetitoune.com\/#website"},"primaryImageOfPage":{"@id":"https:\/\/lapensiondetitoune.com\/#primaryimage"},"image":{"@id":"https:\/\/lapensiondetitoune.com\/#primaryimage"},"thumbnailUrl":"https:\/\/lapensiondetitoune.com\/wp-content\/uploads\/2025\/06\/label_france_petsitters25-1-300x300.png","datePublished":"2022-09-16T08:04:48+00:00","dateModified":"2025-06-16T11:10:19+00:00","description":"pension canine pension feline pension animaliere vivhy lapalisse moulins allier 03 garde animaux titoune chavroches mediation animale zootherapie mediat'titoune","breadcrumb":{"@id":"https:\/\/lapensiondetitoune.com\/#breadcrumb"},"inLanguage":"fr-FR","potentialAction":[{"@type":"ReadAction","target":["https:\/\/lapensiondetitoune.com\/"]}]},{"@type":"ImageObject","inLanguage":"fr-FR","@id":"https:\/\/lapensiondetitoune.com\/#primaryimage","url":"https:\/\/lapensiondetitoune.com\/wp-content\/uploads\/2025\/06\/label_france_petsitters25-1.png","contentUrl":"https:\/\/lapensiondetitoune.com\/wp-content\/uploads\/2025\/06\/label_france_petsitters25-1.png","width":600,"height":600},{"@type":"BreadcrumbList","@id":"https:\/\/lapensiondetitoune.com\/#breadcrumb","itemListElement":[{"@type":"ListItem","position":1,"name":"Accueil","item":"https:\/\/lapensiondetitoune.com\/"},{"@type":"ListItem","position":2,"name":"Accueil"}]},{"@type":"WebSite","@id":"https:\/\/lapensiondetitoune.com\/#website","url":"https:\/\/lapensiondetitoune.com\/","name":"lapensiondetitoune.com","description":"pension animali\u00e8re","alternateName":"pension titoune","potentialAction":[{"@type":"SearchAction","target":{"@type":"EntryPoint","urlTemplate":"https:\/\/lapensiondetitoune.com\/?s={search_term_string}"},"query-input":{"@type":"PropertyValueSpecification","valueRequired":true,"valueName":"search_term_string"}}],"inLanguage":"fr-FR"}]}},"jetpack_sharing_enabled":true,"_links":{"self":[{"href":"https:\/\/lapensiondetitoune.com\/index.php\/wp-json\/wp\/v2\/pages\/181","targetHints":{"allow":["GET"]}}],"collection":[{"href":"https:\/\/lapensiondetitoune.com\/index.php\/wp-json\/wp\/v2\/pages"}],"about":[{"href":"https:\/\/lapensiondetitoune.com\/index.php\/wp-json\/wp\/v2\/types\/page"}],"author":[{"embeddable":true,"href":"https:\/\/lapensiondetitoune.com\/index.php\/wp-json\/wp\/v2\/users\/1"}],"replies":[{"embeddable":true,"href":"https:\/\/lapensiondetitoune.com\/index.php\/wp-json\/wp\/v2\/comments?post=181"}],"version-history":[{"count":13,"href":"https:\/\/lapensiondetitoune.com\/index.php\/wp-json\/wp\/v2\/pages\/181\/revisions"}],"predecessor-version":[{"id":502,"href":"https:\/\/lapensiondetitoune.com\/index.php\/wp-json\/wp\/v2\/pages\/181\/revisions\/502"}],"wp:attachment":[{"href":"https:\/\/lapensiondetitoune.com\/index.php\/wp-json\/wp\/v2\/media?parent=181"}],"curies":[{"name":"wp","href":"https:\/\/api.w.org\/{rel}","templated":true}]}}